{"id":771,"date":"2025-11-07T10:49:45","date_gmt":"2025-11-07T10:49:45","guid":{"rendered":"https:\/\/www.montscharvin-courchevel.com\/?page_id=771"},"modified":"2025-12-31T09:40:30","modified_gmt":"2025-12-31T09:40:30","slug":"reservation-restaurant","status":"publish","type":"page","link":"https:\/\/www.montscharvin-courchevel.com\/en\/reservation-restaurant\/","title":{"rendered":"R\u00e9servation &#8211; Restaurant"},"content":{"rendered":"\t\t<div data-elementor-type=\"wp-page\" data-elementor-id=\"771\" class=\"elementor elementor-771\" data-elementor-post-type=\"page\">\n\t\t\t\t<div class=\"elementor-element elementor-element-a46052a e-flex e-con-boxed e-con e-parent\" data-id=\"a46052a\" data-element_type=\"container\" data-e-type=\"container\" data-settings=\"{&quot;background_background&quot;:&quot;classic&quot;}\">\n\t\t\t\t\t<div class=\"e-con-inner\">\n\t\t\t\t\t<\/div>\n\t\t\t\t<\/div>\n\t\t<div class=\"elementor-element elementor-element-5193d58 e-flex e-con-boxed e-con e-parent\" data-id=\"5193d58\" data-element_type=\"container\" data-e-type=\"container\">\n\t\t\t\t\t<div class=\"e-con-inner\">\n\t\t\t\t<div class=\"elementor-element elementor-element-bcc119b elementor-widget elementor-widget-heading\" data-id=\"bcc119b\" data-element_type=\"widget\" data-e-type=\"widget\" data-widget_type=\"heading.default\">\n\t\t\t\t\t<h1 class=\"elementor-heading-title elementor-size-default\">Restaurant Chez Maurice<\/h1>\t\t\t\t<\/div>\n\t\t\t\t<div class=\"elementor-element elementor-element-351885b elementor-widget elementor-widget-heading\" data-id=\"351885b\" data-element_type=\"widget\" data-e-type=\"widget\" data-widget_type=\"heading.default\">\n\t\t\t\t\t<h4 class=\"elementor-heading-title elementor-size-default\">R\u00e9servation<\/h4>\t\t\t\t<\/div>\n\t\t\t\t<div class=\"elementor-element elementor-element-2e7fedc elementor-button-align-end elementor-widget__width-initial elementor-widget elementor-widget-form\" data-id=\"2e7fedc\" data-element_type=\"widget\" data-e-type=\"widget\" data-settings=\"{&quot;button_width&quot;:&quot;50&quot;,&quot;step_next_label&quot;:&quot;Suivant&quot;,&quot;step_previous_label&quot;:&quot;Pr\\u00e9c\\u00e9dent&quot;,&quot;step_type&quot;:&quot;number_text&quot;,&quot;step_icon_shape&quot;:&quot;circle&quot;}\" data-widget_type=\"form.default\">\n\t\t\t\t\t\t\t<form class=\"elementor-form\" method=\"post\" name=\"Formulaire Restaurant\" aria-label=\"Formulaire Restaurant\">\n\t\t\t<input type=\"hidden\" name=\"post_id\" value=\"771\"\/>\n\t\t\t<input type=\"hidden\" name=\"form_id\" value=\"2e7fedc\"\/>\n\t\t\t<input type=\"hidden\" name=\"referer_title\" value=\"R\u00e9servation - Restaurant - H\u00f4tel Monts Charvin Courchevel\" \/>\n\n\t\t\t\t\t\t\t<input type=\"hidden\" name=\"queried_id\" value=\"771\"\/>\n\t\t\t\n\t\t\t<div class=\"elementor-form-fields-wrapper elementor-labels-above\">\n\t\t\t\t\t\t\t\t<div class=\"elementor-field-type-text elementor-field-group elementor-column elementor-field-group-nom elementor-col-50 elementor-field-required elementor-mark-required\">\n\t\t\t\t\t\t\t\t\t\t\t\t<label for=\"form-field-nom\" class=\"elementor-field-label\">\n\t\t\t\t\t\t\t\tNom :\t\t\t\t\t\t\t<\/label>\n\t\t\t\t\t\t\t\t\t\t\t\t\t\t<input size=\"1\" type=\"text\" name=\"form_fields[nom]\" id=\"form-field-nom\" class=\"elementor-field elementor-size-sm  elementor-field-textual\" required=\"required\">\n\t\t\t\t\t\t\t\t\t\t\t<\/div>\n\t\t\t\t\t\t\t\t<div class=\"elementor-field-type-text elementor-field-group elementor-column elementor-field-group-prenom elementor-col-50 elementor-field-required elementor-mark-required\">\n\t\t\t\t\t\t\t\t\t\t\t\t<label for=\"form-field-prenom\" class=\"elementor-field-label\">\n\t\t\t\t\t\t\t\tPr\u00e9nom :\t\t\t\t\t\t\t<\/label>\n\t\t\t\t\t\t\t\t\t\t\t\t\t\t<input size=\"1\" type=\"text\" name=\"form_fields[prenom]\" id=\"form-field-prenom\" class=\"elementor-field elementor-size-sm  elementor-field-textual\" required=\"required\">\n\t\t\t\t\t\t\t\t\t\t\t<\/div>\n\t\t\t\t\t\t\t\t<div class=\"elementor-field-type-email elementor-field-group elementor-column elementor-field-group-email elementor-col-50 elementor-field-required elementor-mark-required\">\n\t\t\t\t\t\t\t\t\t\t\t\t<label for=\"form-field-email\" class=\"elementor-field-label\">\n\t\t\t\t\t\t\t\tEmail :\t\t\t\t\t\t\t<\/label>\n\t\t\t\t\t\t\t\t\t\t\t\t\t\t<input size=\"1\" type=\"email\" name=\"form_fields[email]\" id=\"form-field-email\" class=\"elementor-field elementor-size-sm  elementor-field-textual\" required=\"required\">\n\t\t\t\t\t\t\t\t\t\t\t<\/div>\n\t\t\t\t\t\t\t\t<div class=\"elementor-field-type-tel elementor-field-group elementor-column elementor-field-group-tel elementor-col-50 elementor-field-required elementor-mark-required\">\n\t\t\t\t\t\t\t\t\t\t\t\t<label for=\"form-field-tel\" class=\"elementor-field-label\">\n\t\t\t\t\t\t\t\tT\u00e9l\u00e9phone :\t\t\t\t\t\t\t<\/label>\n\t\t\t\t\t\t\t\t<input size=\"1\" type=\"tel\" name=\"form_fields[tel]\" id=\"form-field-tel\" class=\"elementor-field elementor-size-sm  elementor-field-textual\" required=\"required\" pattern=\"[0-9()#&amp;+*-=.]+\" title=\"Seuls les caract\u00e8res de num\u00e9ros de t\u00e9l\u00e9phone (#, -, *, etc.) sont accept\u00e9s.\">\n\n\t\t\t\t\t\t<\/div>\n\t\t\t\t\t\t\t\t<div class=\"elementor-field-type-date elementor-field-group elementor-column elementor-field-group-field_3084173 elementor-col-50 elementor-field-required elementor-mark-required\">\n\t\t\t\t\t\t\t\t\t\t\t\t<label for=\"form-field-field_3084173\" class=\"elementor-field-label\">\n\t\t\t\t\t\t\t\tDate souhait\u00e9e (\u00e0 partir du 5 d\u00e9cembre) :\t\t\t\t\t\t\t<\/label>\n\t\t\t\t\t\t\n\t\t<input type=\"date\" name=\"form_fields[field_3084173]\" id=\"form-field-field_3084173\" class=\"elementor-field elementor-size-sm  elementor-field-textual elementor-date-field elementor-use-native\" required=\"required\" pattern=\"[0-9]{4}-[0-9]{2}-[0-9]{2}\">\n\t\t\t\t\t\t<\/div>\n\t\t\t\t\t\t\t\t<div class=\"elementor-field-type-time elementor-field-group elementor-column elementor-field-group-field_458d84a elementor-col-50 elementor-field-required elementor-mark-required\">\n\t\t\t\t\t\t\t\t\t\t\t\t<label for=\"form-field-field_458d84a\" class=\"elementor-field-label\">\n\t\t\t\t\t\t\t\tHeure souhait\u00e9e (entre 19h et 20h30 uniquement) :\t\t\t\t\t\t\t<\/label>\n\t\t\t\t\t\t\t\t<input type=\"time\" name=\"form_fields[field_458d84a]\" id=\"form-field-field_458d84a\" class=\"elementor-field elementor-size-sm  elementor-field-textual elementor-time-field\" required=\"required\">\n\t\t\t\t\t\t<\/div>\n\t\t\t\t\t\t\t\t<div class=\"elementor-field-type-number elementor-field-group elementor-column elementor-field-group-field_fc0c033 elementor-col-50 elementor-field-required elementor-mark-required\">\n\t\t\t\t\t\t\t\t\t\t\t\t<label for=\"form-field-field_fc0c033\" class=\"elementor-field-label\">\n\t\t\t\t\t\t\t\tNombre de personnes :\t\t\t\t\t\t\t<\/label>\n\t\t\t\t\t\t\t\t\t<input type=\"number\" name=\"form_fields[field_fc0c033]\" id=\"form-field-field_fc0c033\" class=\"elementor-field elementor-size-sm  elementor-field-textual\" required=\"required\" min=\"\" max=\"\" >\n\t\t\t\t\t\t<\/div>\n\t\t\t\t\t\t\t\t<div class=\"elementor-field-type-text elementor-field-group elementor-column elementor-field-group-field_7536b65 elementor-col-50\">\n\t\t\t\t\t\t\t\t\t\t\t\t<label for=\"form-field-field_7536b65\" class=\"elementor-field-label\">\n\t\t\t\t\t\t\t\tChambre :\t\t\t\t\t\t\t<\/label>\n\t\t\t\t\t\t\t\t\t\t\t\t\t\t<input size=\"1\" type=\"text\" name=\"form_fields[field_7536b65]\" id=\"form-field-field_7536b65\" class=\"elementor-field elementor-size-sm  elementor-field-textual\">\n\t\t\t\t\t\t\t\t\t\t\t<\/div>\n\t\t\t\t\t\t\t\t<div class=\"elementor-field-type-acceptance elementor-field-group elementor-column elementor-field-group-field_ef1d93e elementor-col-50 elementor-field-required elementor-mark-required\">\n\t\t\t\t\t\t\t\t\t\t\t\t<label for=\"form-field-field_ef1d93e\" class=\"elementor-field-label\">\n\t\t\t\t\t\t\t\tProtection des donn\u00e9es\t\t\t\t\t\t\t<\/label>\n\t\t\t\t\t\t\t\t<div class=\"elementor-field-subgroup\">\n\t\t\t<span class=\"elementor-field-option\">\n\t\t\t\t<input type=\"checkbox\" name=\"form_fields[field_ef1d93e]\" id=\"form-field-field_ef1d93e\" class=\"elementor-field elementor-size-sm  elementor-acceptance-field\" required=\"required\">\n\t\t\t\t<label for=\"form-field-field_ef1d93e\">En soumettant ce formulaire, j'accepte les conditions g\u00e9n\u00e9rales d'utilisation. <a href=\"\/nlpd\" target=\"_blank\">En savoir plus<\/a><\/label>\t\t\t<\/span>\n\t\t<\/div>\n\t\t\t\t\t\t<\/div>\n\t\t\t\t\t\t\t\t<div class=\"elementor-field-group elementor-column elementor-field-type-submit elementor-col-50 e-form__buttons\">\n\t\t\t\t\t<button class=\"elementor-button elementor-size-sm\" type=\"submit\">\n\t\t\t\t\t\t<span class=\"elementor-button-content-wrapper\">\n\t\t\t\t\t\t\t\t\t\t\t\t\t\t\t\t\t\t\t\t\t\t<span class=\"elementor-button-text\">Envoyer<\/span>\n\t\t\t\t\t\t\t\t\t\t\t\t\t<\/span>\n\t\t\t\t\t<\/button>\n\t\t\t\t<\/div>\n\t\t\t<\/div>\n\t\t<\/form>\n\t\t\t\t\t\t<\/div>\n\t\t\t\t\t<\/div>\n\t\t\t\t<\/div>\n\t\t<div class=\"elementor-element elementor-element-8cf3044 e-con-full e-flex e-con e-parent\" data-id=\"8cf3044\" data-element_type=\"container\" data-e-type=\"container\">\n\t\t\t\t<div class=\"elementor-element elementor-element-530b7355 elementor-absolute elementor-widget elementor-widget-menu-anchor\" data-id=\"530b7355\" data-element_type=\"widget\" data-e-type=\"widget\" data-settings=\"{&quot;_position&quot;:&quot;absolute&quot;}\" data-widget_type=\"menu-anchor.default\">\n\t\t\t\t\t\t\t<div class=\"elementor-menu-anchor\" id=\"nos-services\"><\/div>\n\t\t\t\t\t\t<\/div>\n\t\t\t\t<div class=\"elementor-element elementor-element-3edd20c1 elementor-widget elementor-widget-template\" data-id=\"3edd20c1\" data-element_type=\"widget\" data-e-type=\"widget\" data-widget_type=\"template.default\">\n\t\t\t\t<div class=\"elementor-widget-container\">\n\t\t\t\t\t\t\t<div class=\"elementor-template\">\n\t\t\t\t\t<div data-elementor-type=\"container\" data-elementor-id=\"295\" class=\"elementor elementor-295\" data-elementor-post-type=\"elementor_library\">\n\t\t\t\t<div class=\"elementor-element elementor-element-38ac7be5 e-flex e-con-boxed e-con e-parent\" data-id=\"38ac7be5\" data-element_type=\"container\" data-e-type=\"container\" data-settings=\"{&quot;background_background&quot;:&quot;classic&quot;}\">\n\t\t\t\t\t<div class=\"e-con-inner\">\n\t\t\t\t<div class=\"elementor-element elementor-element-769653e8 elementor-widget elementor-widget-heading\" data-id=\"769653e8\" data-element_type=\"widget\" data-e-type=\"widget\" data-widget_type=\"heading.default\">\n\t\t\t\t\t<h2 class=\"elementor-heading-title elementor-size-default\">Nos services<\/h2>\t\t\t\t<\/div>\n\t\t\t\t<div class=\"elementor-element elementor-element-263ea7db elementor-widget__width-initial elementor-widget elementor-widget-text-editor\" data-id=\"263ea7db\" data-element_type=\"widget\" data-e-type=\"widget\" data-widget_type=\"text-editor.default\">\n\t\t\t\t\t\t\t\t\t<p>Chambres \u00e9quip\u00e9es (Wi-Fi, TV, coffre, boissons chaudes), vente de forfaits de ski sur place et organisation de vos transferts taxi vers\/depuis l\u2019h\u00f4tel Les Monts Charvin Courchevel.<\/p>\t\t\t\t\t\t\t\t<\/div>\n\t\t\t\t<div class=\"elementor-element elementor-element-ae35417 elementor-widget elementor-widget-template\" data-id=\"ae35417\" data-element_type=\"widget\" data-e-type=\"widget\" data-widget_type=\"template.default\">\n\t\t\t\t<div class=\"elementor-widget-container\">\n\t\t\t\t\t\t\t<div class=\"elementor-template\">\n\t\t\t\t\t<div data-elementor-type=\"container\" data-elementor-id=\"1002\" class=\"elementor elementor-1002\" data-elementor-post-type=\"elementor_library\">\n\t\t\t\t<div class=\"elementor-element elementor-element-78c5b905 e-grid e-con-full e-con e-child\" data-id=\"78c5b905\" data-element_type=\"container\" data-e-type=\"container\">\n\t\t<a class=\"elementor-element elementor-element-716b645a e-con-full e-flex elementor-invisible e-con e-child\" data-id=\"716b645a\" data-element_type=\"container\" data-e-type=\"container\" data-settings=\"{&quot;background_background&quot;:&quot;classic&quot;,&quot;animation&quot;:&quot;fadeInLeft&quot;}\" href=\"https:\/\/www.montscharvin-courchevel.com\/en\/service-en-chambre\/\">\n\t\t\t\t<div class=\"elementor-element elementor-element-4e05aee8 elementor-widget elementor-widget-heading\" data-id=\"4e05aee8\" data-element_type=\"widget\" data-e-type=\"widget\" data-widget_type=\"heading.default\">\n\t\t\t\t\t<h2 class=\"elementor-heading-title elementor-size-default\">En chambres<\/h2>\t\t\t\t<\/div>\n\t\t\t\t<div class=\"elementor-element elementor-element-2ae302f6 elementor-widget elementor-widget-text-editor\" data-id=\"2ae302f6\" data-element_type=\"widget\" data-e-type=\"widget\" data-widget_type=\"text-editor.default\">\n\t\t\t\t\t\t\t\t\t<p>Nous sommes \u00e0 votre disposition pendant votre s\u00e9jour.<\/p>\t\t\t\t\t\t\t\t<\/div>\n\t\t\t\t<\/a>\n\t\t<a class=\"elementor-element elementor-element-54e2dcaa e-con-full e-flex elementor-invisible e-con e-child\" data-id=\"54e2dcaa\" data-element_type=\"container\" data-e-type=\"container\" data-settings=\"{&quot;background_background&quot;:&quot;classic&quot;,&quot;animation&quot;:&quot;fadeInUp&quot;,&quot;animation_delay&quot;:300}\" href=\"https:\/\/www.montscharvin-courchevel.com\/en\/service-taxi\/\">\n\t\t\t\t<div class=\"elementor-element elementor-element-3480b5da elementor-widget elementor-widget-heading\" data-id=\"3480b5da\" data-element_type=\"widget\" data-e-type=\"widget\" data-widget_type=\"heading.default\">\n\t\t\t\t\t<h2 class=\"elementor-heading-title elementor-size-default\">Taxi<\/h2>\t\t\t\t<\/div>\n\t\t\t\t<div class=\"elementor-element elementor-element-57d24427 elementor-widget elementor-widget-text-editor\" data-id=\"57d24427\" data-element_type=\"widget\" data-e-type=\"widget\" data-widget_type=\"text-editor.default\">\n\t\t\t\t\t\t\t\t\t<p class=\"p1\"><span class=\"s1\">Nous pouvons organiser votre transfert vers et depuis l\u2019h\u00f4tel.<\/span><\/p>\t\t\t\t\t\t\t\t<\/div>\n\t\t\t\t<\/a>\n\t\t<a class=\"elementor-element elementor-element-1ba24944 e-con-full e-flex elementor-invisible e-con e-child\" data-id=\"1ba24944\" data-element_type=\"container\" data-e-type=\"container\" data-settings=\"{&quot;background_background&quot;:&quot;classic&quot;,&quot;animation&quot;:&quot;fadeInRight&quot;}\" href=\"https:\/\/www.montscharvin-courchevel.com\/en\/service-forfait\/\">\n\t\t\t\t<div class=\"elementor-element elementor-element-173f3053 elementor-widget elementor-widget-heading\" data-id=\"173f3053\" data-element_type=\"widget\" data-e-type=\"widget\" data-widget_type=\"heading.default\">\n\t\t\t\t\t<h2 class=\"elementor-heading-title elementor-size-default\">Forfait de ski<\/h2>\t\t\t\t<\/div>\n\t\t\t\t<div class=\"elementor-element elementor-element-11b6e9c1 elementor-widget elementor-widget-text-editor\" data-id=\"11b6e9c1\" data-element_type=\"widget\" data-e-type=\"widget\" data-widget_type=\"text-editor.default\">\n\t\t\t\t\t\t\t\t\t<p class=\"p1\"><span class=\"s1\">Forfaits de ski en vente sur place (avec majoration).<\/span><\/p>\t\t\t\t\t\t\t\t<\/div>\n\t\t\t\t<\/a>\n\t\t<a class=\"elementor-element elementor-element-26d206c7 e-con-full e-flex elementor-invisible e-con e-child\" data-id=\"26d206c7\" data-element_type=\"container\" data-e-type=\"container\" data-settings=\"{&quot;background_background&quot;:&quot;classic&quot;,&quot;animation&quot;:&quot;fadeInLeft&quot;}\" href=\"https:\/\/www.montscharvin-courchevel.com\/en\/service-ski-room\/\">\n\t\t\t\t<div class=\"elementor-element elementor-element-3ec58089 elementor-widget elementor-widget-heading\" data-id=\"3ec58089\" data-element_type=\"widget\" data-e-type=\"widget\" data-widget_type=\"heading.default\">\n\t\t\t\t\t<h2 class=\"elementor-heading-title elementor-size-default\">Ski Room<\/h2>\t\t\t\t<\/div>\n\t\t\t\t<div class=\"elementor-element elementor-element-23a91c2d elementor-widget elementor-widget-text-editor\" data-id=\"23a91c2d\" data-element_type=\"widget\" data-e-type=\"widget\" data-widget_type=\"text-editor.default\">\n\t\t\t\t\t\t\t\t\t<p><span style=\"font-weight: 400;\">Un ski room partag\u00e9 est \u00e0 votre disposition au rez-de-chauss\u00e9e de l\u2019h\u00f4tel.<\/span><\/p>\t\t\t\t\t\t\t\t<\/div>\n\t\t\t\t<\/a>\n\t\t<a class=\"elementor-element elementor-element-2a2a5b e-con-full e-flex elementor-invisible e-con e-child\" data-id=\"2a2a5b\" data-element_type=\"container\" data-e-type=\"container\" data-settings=\"{&quot;background_background&quot;:&quot;classic&quot;,&quot;animation&quot;:&quot;fadeInUp&quot;}\" href=\"https:\/\/www.montscharvin-courchevel.com\/en\/service-location-de-ski\/\">\n\t\t\t\t<div class=\"elementor-element elementor-element-25d77612 elementor-widget elementor-widget-heading\" data-id=\"25d77612\" data-element_type=\"widget\" data-e-type=\"widget\" data-widget_type=\"heading.default\">\n\t\t\t\t\t<h2 class=\"elementor-heading-title elementor-size-default\">Location de ski<\/h2>\t\t\t\t<\/div>\n\t\t\t\t<div class=\"elementor-element elementor-element-365e61c4 elementor-widget elementor-widget-text-editor\" data-id=\"365e61c4\" data-element_type=\"widget\" data-e-type=\"widget\" data-widget_type=\"text-editor.default\">\n\t\t\t\t\t\t\t\t\t<p class=\"p1\"><span style=\"font-weight: 400;\">B\u00e9n\u00e9ficiez de remises chez notre partenaire Bernard Charvin Sports<\/span><\/p>\t\t\t\t\t\t\t\t<\/div>\n\t\t\t\t<\/a>\n\t\t<a class=\"elementor-element elementor-element-341e4b62 e-con-full e-flex elementor-invisible e-con e-child\" data-id=\"341e4b62\" data-element_type=\"container\" data-e-type=\"container\" data-settings=\"{&quot;background_background&quot;:&quot;classic&quot;,&quot;animation&quot;:&quot;fadeInRight&quot;,&quot;animation_delay&quot;:300}\" href=\"https:\/\/www.montscharvin-courchevel.com\/en\/service-parking\/\">\n\t\t\t\t<div class=\"elementor-element elementor-element-559df74c elementor-widget elementor-widget-heading\" data-id=\"559df74c\" data-element_type=\"widget\" data-e-type=\"widget\" data-widget_type=\"heading.default\">\n\t\t\t\t\t<h2 class=\"elementor-heading-title elementor-size-default\">Parking<\/h2>\t\t\t\t<\/div>\n\t\t\t\t<div class=\"elementor-element elementor-element-76b3a674 elementor-widget elementor-widget-text-editor\" data-id=\"76b3a674\" data-element_type=\"widget\" data-e-type=\"widget\" data-widget_type=\"text-editor.default\">\n\t\t\t\t\t\t\t\t\t<p class=\"p1\">L\u2019h\u00f4tel ne poss\u00e8de pas de parking, pour plus d\u2019informations cliquez ici.<\/p>\t\t\t\t\t\t\t\t<\/div>\n\t\t\t\t<\/a>\n\t\t\t\t<\/div>\n\t\t\t\t<\/div>\n\t\t\t\t<\/div>\n\t\t\t\t\t\t<\/div>\n\t\t\t\t<\/div>\n\t\t\t\t\t<\/div>\n\t\t\t\t<\/div>\n\t\t\t\t<\/div>\n\t\t\t\t<\/div>\n\t\t\t\t\t\t<\/div>\n\t\t\t\t<\/div>\n\t\t\t\t<\/div>\n\t\t\t\t<\/div>\n\t\t","protected":false},"excerpt":{"rendered":"<p>Restaurant Chez Maurice R\u00e9servation<\/p>","protected":false},"author":1,"featured_media":0,"parent":0,"menu_order":0,"comment_status":"closed","ping_status":"closed","template":"","meta":{"footnotes":""},"class_list":["post-771","page","type-page","status-publish","hentry"],"yoast_head":"<!-- This site is optimized with the Yoast SEO plugin v27.2 - https:\/\/yoast.com\/product\/yoast-seo-wordpress\/ -->\n<title>R\u00e9servation - Restaurant - H\u00f4tel Monts Charvin Courchevel<\/title>\n<meta name=\"robots\" content=\"index, follow, max-snippet:-1, max-image-preview:large, max-video-preview:-1\" \/>\n<link rel=\"canonical\" href=\"https:\/\/www.montscharvin-courchevel.com\/en\/reservation-restaurant\/\" \/>\n<meta property=\"og:locale\" content=\"en_GB\" \/>\n<meta property=\"og:type\" content=\"article\" \/>\n<meta property=\"og:title\" content=\"R\u00e9servation - Restaurant - H\u00f4tel Monts Charvin Courchevel\" \/>\n<meta property=\"og:description\" content=\"Restaurant Chez Maurice R\u00e9servation\" \/>\n<meta property=\"og:url\" content=\"https:\/\/www.montscharvin-courchevel.com\/en\/reservation-restaurant\/\" \/>\n<meta property=\"og:site_name\" content=\"H\u00f4tel Monts Charvin Courchevel\" \/>\n<meta property=\"article:modified_time\" content=\"2025-12-31T09:40:30+00:00\" \/>\n<meta name=\"twitter:card\" content=\"summary_large_image\" \/>\n<meta name=\"twitter:label1\" content=\"Estimated reading time\" \/>\n\t<meta name=\"twitter:data1\" content=\"2 minutes\" \/>\n<script type=\"application\/ld+json\" class=\"yoast-schema-graph\">{\"@context\":\"https:\/\/schema.org\",\"@graph\":[{\"@type\":\"WebPage\",\"@id\":\"https:\/\/www.montscharvin-courchevel.com\/reservation-restaurant\/\",\"url\":\"https:\/\/www.montscharvin-courchevel.com\/reservation-restaurant\/\",\"name\":\"R\u00e9servation - Restaurant - H\u00f4tel Monts Charvin Courchevel\",\"isPartOf\":{\"@id\":\"https:\/\/www.montscharvin-courchevel.com\/#website\"},\"datePublished\":\"2025-11-07T10:49:45+00:00\",\"dateModified\":\"2025-12-31T09:40:30+00:00\",\"breadcrumb\":{\"@id\":\"https:\/\/www.montscharvin-courchevel.com\/reservation-restaurant\/#breadcrumb\"},\"inLanguage\":\"en-GB\",\"potentialAction\":[{\"@type\":\"ReadAction\",\"target\":[\"https:\/\/www.montscharvin-courchevel.com\/reservation-restaurant\/\"]}]},{\"@type\":\"BreadcrumbList\",\"@id\":\"https:\/\/www.montscharvin-courchevel.com\/reservation-restaurant\/#breadcrumb\",\"itemListElement\":[{\"@type\":\"ListItem\",\"position\":1,\"name\":\"Accueil\",\"item\":\"https:\/\/www.montscharvin-courchevel.com\/\"},{\"@type\":\"ListItem\",\"position\":2,\"name\":\"R\u00e9servation &#8211; Restaurant\"}]},{\"@type\":\"WebSite\",\"@id\":\"https:\/\/www.montscharvin-courchevel.com\/#website\",\"url\":\"https:\/\/www.montscharvin-courchevel.com\/\",\"name\":\"H\u00f4tel Monts Charvin Courchevel\",\"description\":\"H\u00f4tel Monts Charvin Courchevel\",\"publisher\":{\"@id\":\"https:\/\/www.montscharvin-courchevel.com\/#organization\"},\"potentialAction\":[{\"@type\":\"SearchAction\",\"target\":{\"@type\":\"EntryPoint\",\"urlTemplate\":\"https:\/\/www.montscharvin-courchevel.com\/?s={search_term_string}\"},\"query-input\":{\"@type\":\"PropertyValueSpecification\",\"valueRequired\":true,\"valueName\":\"search_term_string\"}}],\"inLanguage\":\"en-GB\"},{\"@type\":\"Organization\",\"@id\":\"https:\/\/www.montscharvin-courchevel.com\/#organization\",\"name\":\"H\u00f4tel Monts Charvin Courchevel\",\"url\":\"https:\/\/www.montscharvin-courchevel.com\/\",\"logo\":{\"@type\":\"ImageObject\",\"inLanguage\":\"en-GB\",\"@id\":\"https:\/\/www.montscharvin-courchevel.com\/#\/schema\/logo\/image\/\",\"url\":\"https:\/\/www.montscharvin-courchevel.com\/wp-content\/uploads\/2025\/09\/logo-les-monts-charvins-boutique-hotel-courchevel.png\",\"contentUrl\":\"https:\/\/www.montscharvin-courchevel.com\/wp-content\/uploads\/2025\/09\/logo-les-monts-charvins-boutique-hotel-courchevel.png\",\"width\":167,\"height\":80,\"caption\":\"H\u00f4tel Monts Charvin Courchevel\"},\"image\":{\"@id\":\"https:\/\/www.montscharvin-courchevel.com\/#\/schema\/logo\/image\/\"}}]}<\/script>\n<!-- \/ Yoast SEO plugin. -->","yoast_head_json":{"title":"R\u00e9servation - Restaurant - H\u00f4tel Monts Charvin Courchevel","robots":{"index":"index","follow":"follow","max-snippet":"max-snippet:-1","max-image-preview":"max-image-preview:large","max-video-preview":"max-video-preview:-1"},"canonical":"https:\/\/www.montscharvin-courchevel.com\/en\/reservation-restaurant\/","og_locale":"en_GB","og_type":"article","og_title":"R\u00e9servation - Restaurant - H\u00f4tel Monts Charvin Courchevel","og_description":"Restaurant Chez Maurice R\u00e9servation","og_url":"https:\/\/www.montscharvin-courchevel.com\/en\/reservation-restaurant\/","og_site_name":"H\u00f4tel Monts Charvin Courchevel","article_modified_time":"2025-12-31T09:40:30+00:00","twitter_card":"summary_large_image","twitter_misc":{"Estimated reading time":"2 minutes"},"schema":{"@context":"https:\/\/schema.org","@graph":[{"@type":"WebPage","@id":"https:\/\/www.montscharvin-courchevel.com\/reservation-restaurant\/","url":"https:\/\/www.montscharvin-courchevel.com\/reservation-restaurant\/","name":"R\u00e9servation - Restaurant - H\u00f4tel Monts Charvin Courchevel","isPartOf":{"@id":"https:\/\/www.montscharvin-courchevel.com\/#website"},"datePublished":"2025-11-07T10:49:45+00:00","dateModified":"2025-12-31T09:40:30+00:00","breadcrumb":{"@id":"https:\/\/www.montscharvin-courchevel.com\/reservation-restaurant\/#breadcrumb"},"inLanguage":"en-GB","potentialAction":[{"@type":"ReadAction","target":["https:\/\/www.montscharvin-courchevel.com\/reservation-restaurant\/"]}]},{"@type":"BreadcrumbList","@id":"https:\/\/www.montscharvin-courchevel.com\/reservation-restaurant\/#breadcrumb","itemListElement":[{"@type":"ListItem","position":1,"name":"Accueil","item":"https:\/\/www.montscharvin-courchevel.com\/"},{"@type":"ListItem","position":2,"name":"R\u00e9servation &#8211; Restaurant"}]},{"@type":"WebSite","@id":"https:\/\/www.montscharvin-courchevel.com\/#website","url":"https:\/\/www.montscharvin-courchevel.com\/","name":"H\u00f4tel Monts Charvin Courchevel","description":"H\u00f4tel Monts Charvin Courchevel","publisher":{"@id":"https:\/\/www.montscharvin-courchevel.com\/#organization"},"potentialAction":[{"@type":"SearchAction","target":{"@type":"EntryPoint","urlTemplate":"https:\/\/www.montscharvin-courchevel.com\/?s={search_term_string}"},"query-input":{"@type":"PropertyValueSpecification","valueRequired":true,"valueName":"search_term_string"}}],"inLanguage":"en-GB"},{"@type":"Organization","@id":"https:\/\/www.montscharvin-courchevel.com\/#organization","name":"H\u00f4tel Monts Charvin Courchevel","url":"https:\/\/www.montscharvin-courchevel.com\/","logo":{"@type":"ImageObject","inLanguage":"en-GB","@id":"https:\/\/www.montscharvin-courchevel.com\/#\/schema\/logo\/image\/","url":"https:\/\/www.montscharvin-courchevel.com\/wp-content\/uploads\/2025\/09\/logo-les-monts-charvins-boutique-hotel-courchevel.png","contentUrl":"https:\/\/www.montscharvin-courchevel.com\/wp-content\/uploads\/2025\/09\/logo-les-monts-charvins-boutique-hotel-courchevel.png","width":167,"height":80,"caption":"H\u00f4tel Monts Charvin Courchevel"},"image":{"@id":"https:\/\/www.montscharvin-courchevel.com\/#\/schema\/logo\/image\/"}}]}},"_links":{"self":[{"href":"https:\/\/www.montscharvin-courchevel.com\/en\/wp-json\/wp\/v2\/pages\/771","targetHints":{"allow":["GET"]}}],"collection":[{"href":"https:\/\/www.montscharvin-courchevel.com\/en\/wp-json\/wp\/v2\/pages"}],"about":[{"href":"https:\/\/www.montscharvin-courchevel.com\/en\/wp-json\/wp\/v2\/types\/page"}],"author":[{"embeddable":true,"href":"https:\/\/www.montscharvin-courchevel.com\/en\/wp-json\/wp\/v2\/users\/1"}],"replies":[{"embeddable":true,"href":"https:\/\/www.montscharvin-courchevel.com\/en\/wp-json\/wp\/v2\/comments?post=771"}],"version-history":[{"count":34,"href":"https:\/\/www.montscharvin-courchevel.com\/en\/wp-json\/wp\/v2\/pages\/771\/revisions"}],"predecessor-version":[{"id":1325,"href":"https:\/\/www.montscharvin-courchevel.com\/en\/wp-json\/wp\/v2\/pages\/771\/revisions\/1325"}],"wp:attachment":[{"href":"https:\/\/www.montscharvin-courchevel.com\/en\/wp-json\/wp\/v2\/media?parent=771"}],"curies":[{"name":"wp","href":"https:\/\/api.w.org\/{rel}","templated":true}]}}