{"id":316,"date":"2025-09-26T11:32:33","date_gmt":"2025-09-26T11:32:33","guid":{"rendered":"https:\/\/www.montscharvin-courchevel.com\/?page_id=316"},"modified":"2025-11-12T14:02:12","modified_gmt":"2025-11-12T14:02:12","slug":"service-en-chambre","status":"publish","type":"page","link":"https:\/\/www.montscharvin-courchevel.com\/en\/service-en-chambre\/","title":{"rendered":"Service &#8211; En Chambre"},"content":{"rendered":"<div data-elementor-type=\"wp-page\" data-elementor-id=\"316\" class=\"elementor elementor-316\" data-elementor-post-type=\"page\">\n\t\t\t\t<div class=\"elementor-element elementor-element-2ee3987 e-flex e-con-boxed e-con e-parent\" data-id=\"2ee3987\" data-element_type=\"container\" data-e-type=\"container\" data-settings=\"{&quot;background_background&quot;:&quot;classic&quot;}\">\n\t\t\t\t\t<div class=\"e-con-inner\">\n\t\t\t\t\t<\/div>\n\t\t\t\t<\/div>\n\t\t<div class=\"elementor-element elementor-element-75083f01 e-flex e-con-boxed e-con e-parent\" data-id=\"75083f01\" data-element_type=\"container\" data-e-type=\"container\">\n\t\t\t\t\t<div class=\"e-con-inner\">\n\t\t\t\t<div class=\"elementor-element elementor-element-37c0eb1c elementor-widget elementor-widget-heading\" data-id=\"37c0eb1c\" data-element_type=\"widget\" data-e-type=\"widget\" data-widget_type=\"heading.default\">\n\t\t\t\t\t<h1 class=\"elementor-heading-title elementor-size-default\">Our in-room services<\/h1>\t\t\t\t<\/div>\n\t\t\t\t<div class=\"elementor-element elementor-element-436be6d4 elementor-widget elementor-widget-heading\" data-id=\"436be6d4\" data-element_type=\"widget\" data-e-type=\"widget\" data-widget_type=\"heading.default\">\n\t\t\t\t\t<h4 class=\"elementor-heading-title elementor-size-default\">For your comfort<\/h4>\t\t\t\t<\/div>\n\t\t\t\t<div class=\"elementor-element elementor-element-7c346a3a elementor-widget__width-initial elementor-widget elementor-widget-text-editor\" data-id=\"7c346a3a\" data-element_type=\"widget\" data-e-type=\"widget\" data-widget_type=\"text-editor.default\">\n\t\t\t\t\t\t\t\t\t<p>Set in a d\u00e9cor of natural wood and understated simplicity, our rooms provide everything you need for a pleasant stay. We ensure that every service contributes to your comfort, in a relaxed and unpretentious atmosphere. Here, you simply feel at home.<\/p>\t\t\t\t\t\t\t\t<\/div>\n\t\t<div class=\"elementor-element elementor-element-02a1a7f e-con-full e-flex e-con e-child\" data-id=\"02a1a7f\" data-element_type=\"container\" data-e-type=\"container\">\n\t\t<div class=\"elementor-element elementor-element-03fcc0e e-con-full e-flex elementor-invisible e-con e-child\" data-id=\"03fcc0e\" data-element_type=\"container\" data-e-type=\"container\" data-settings=\"{&quot;animation&quot;:&quot;fadeInLeft&quot;}\">\n\t\t\t\t<div class=\"elementor-element elementor-element-8f736f1 elementor-widget elementor-widget-heading\" data-id=\"8f736f1\" data-element_type=\"widget\" data-e-type=\"widget\" data-widget_type=\"heading.default\">\n\t\t\t\t\t<h2 class=\"elementor-heading-title elementor-size-default\">In our rooms<\/h2>\t\t\t\t<\/div>\n\t\t\t\t<div class=\"elementor-element elementor-element-7fa6618 elementor-icon-list--layout-traditional elementor-list-item-link-full_width elementor-widget elementor-widget-icon-list\" data-id=\"7fa6618\" data-element_type=\"widget\" data-e-type=\"widget\" data-widget_type=\"icon-list.default\">\n\t\t\t\t\t\t\t<ul class=\"elementor-icon-list-items\">\n\t\t\t\t\t\t\t<li class=\"elementor-icon-list-item\">\n\t\t\t\t\t\t\t\t\t\t\t<span class=\"elementor-icon-list-icon\">\n\t\t\t\t\t\t\t<svg aria-hidden=\"true\" class=\"e-font-icon-svg e-fas-circle\" viewbox=\"0 0 512 512\" xmlns=\"http:\/\/www.w3.org\/2000\/svg\"><path d=\"M256 8C119 8 8 119 8 256s111 248 248 248 248-111 248-248S393 8 256 8z\"><\/path><\/svg>\t\t\t\t\t\t<\/span>\n\t\t\t\t\t\t\t\t\t\t<span class=\"elementor-icon-list-text\">Wifi<\/span>\n\t\t\t\t\t\t\t\t\t<\/li>\n\t\t\t\t\t\t\t\t<li class=\"elementor-icon-list-item\">\n\t\t\t\t\t\t\t\t\t\t\t<span class=\"elementor-icon-list-icon\">\n\t\t\t\t\t\t\t<svg aria-hidden=\"true\" class=\"e-font-icon-svg e-fas-circle\" viewbox=\"0 0 512 512\" xmlns=\"http:\/\/www.w3.org\/2000\/svg\"><path d=\"M256 8C119 8 8 119 8 256s111 248 248 248 248-111 248-248S393 8 256 8z\"><\/path><\/svg>\t\t\t\t\t\t<\/span>\n\t\t\t\t\t\t\t\t\t\t<span class=\"elementor-icon-list-text\">Safe<\/span>\n\t\t\t\t\t\t\t\t\t<\/li>\n\t\t\t\t\t\t\t\t<li class=\"elementor-icon-list-item\">\n\t\t\t\t\t\t\t\t\t\t\t<span class=\"elementor-icon-list-icon\">\n\t\t\t\t\t\t\t<svg aria-hidden=\"true\" class=\"e-font-icon-svg e-fas-circle\" viewbox=\"0 0 512 512\" xmlns=\"http:\/\/www.w3.org\/2000\/svg\"><path d=\"M256 8C119 8 8 119 8 256s111 248 248 248 248-111 248-248S393 8 256 8z\"><\/path><\/svg>\t\t\t\t\t\t<\/span>\n\t\t\t\t\t\t\t\t\t\t<span class=\"elementor-icon-list-text\">Television<\/span>\n\t\t\t\t\t\t\t\t\t<\/li>\n\t\t\t\t\t\t\t\t<li class=\"elementor-icon-list-item\">\n\t\t\t\t\t\t\t\t\t\t\t<span class=\"elementor-icon-list-icon\">\n\t\t\t\t\t\t\t<svg aria-hidden=\"true\" class=\"e-font-icon-svg e-fas-circle\" viewbox=\"0 0 512 512\" xmlns=\"http:\/\/www.w3.org\/2000\/svg\"><path d=\"M256 8C119 8 8 119 8 256s111 248 248 248 248-111 248-248S393 8 256 8z\"><\/path><\/svg>\t\t\t\t\t\t<\/span>\n\t\t\t\t\t\t\t\t\t\t<span class=\"elementor-icon-list-text\">Coffee \u2013 Tea \u2013 Herbal tea<\/span>\n\t\t\t\t\t\t\t\t\t<\/li>\n\t\t\t\t\t\t<\/ul>\n\t\t\t\t\t\t<\/div>\n\t\t\t\t<div class=\"elementor-element elementor-element-9d299da elementor-widget elementor-widget-text-editor\" data-id=\"9d299da\" data-element_type=\"widget\" data-e-type=\"widget\" data-widget_type=\"text-editor.default\">\n\t\t\t\t\t\t\t\t\t<p>Upon arrival in your room, you will find one still water bottle and one sparkling water bottle, which we are pleased to offer you. Throughout your stay, you may refill them at the reception during opening hours (\u20ac3 per bottle).\nWhen the reception is closed, please note that tap water is safe to drink.&nbsp;<\/p>\t\t\t\t\t\t\t\t<\/div>\n\t\t<div class=\"elementor-element elementor-element-79b8653 e-con-full e-flex e-con e-child\" data-id=\"79b8653\" data-element_type=\"container\" data-e-type=\"container\">\n\t\t\t\t<div class=\"elementor-element elementor-element-1fe2eff elementor-widget elementor-widget-button\" data-id=\"1fe2eff\" data-element_type=\"widget\" data-e-type=\"widget\" data-widget_type=\"button.default\">\n\t\t\t\t\t\t\t\t\t\t<a class=\"elementor-button elementor-button-link elementor-size-sm\" href=\"https:\/\/app.mews.com\/distributor\/595a8b18-3859-423b-81b0-b34e007d2bb1\" target=\"_blank\">\n\t\t\t\t\t\t<span class=\"elementor-button-content-wrapper\">\n\t\t\t\t\t\t\t\t\t<span class=\"elementor-button-text\">Book a room<\/span>\n\t\t\t\t\t<\/span>\n\t\t\t\t\t<\/a>\n\t\t\t\t\t\t\t\t<\/div>\n\t\t\t\t<\/div>\n\t\t\t\t<\/div>\n\t\t<div class=\"elementor-element elementor-element-8bcf423 e-con-full e-flex elementor-invisible e-con e-child\" data-id=\"8bcf423\" data-element_type=\"container\" data-e-type=\"container\" data-settings=\"{&quot;animation&quot;:&quot;fadeInRight&quot;}\">\n\t\t\t\t<div class=\"elementor-element elementor-element-a9f1415 elementor-widget elementor-widget-image\" data-id=\"a9f1415\" data-element_type=\"widget\" data-e-type=\"widget\" data-widget_type=\"image.default\">\n\t\t\t\t\t\t\t\t\t\t\t\t\t\t\t<img fetchpriority=\"high\" decoding=\"async\" width=\"683\" height=\"1024\" src=\"https:\/\/www.montscharvin-courchevel.com\/wp-content\/uploads\/2025\/09\/DSC04017-HDR-683x1024.webp\" class=\"attachment-large size-large wp-image-446\" alt=\"H\u00f4tel Les Monts Charvin - Courchevel \u00a9 Aubry Bertin\" srcset=\"https:\/\/www.montscharvin-courchevel.com\/wp-content\/uploads\/2025\/09\/DSC04017-HDR-683x1024.webp 683w, https:\/\/www.montscharvin-courchevel.com\/wp-content\/uploads\/2025\/09\/DSC04017-HDR-200x300.webp 200w, https:\/\/www.montscharvin-courchevel.com\/wp-content\/uploads\/2025\/09\/DSC04017-HDR-768x1152.webp 768w, https:\/\/www.montscharvin-courchevel.com\/wp-content\/uploads\/2025\/09\/DSC04017-HDR-8x12.webp 8w, https:\/\/www.montscharvin-courchevel.com\/wp-content\/uploads\/2025\/09\/DSC04017-HDR.webp 1000w\" sizes=\"(max-width: 683px) 100vw, 683px\" \/>\t\t\t\t\t\t\t\t\t\t\t\t\t\t\t<\/div>\n\t\t\t\t<\/div>\n\t\t\t\t<\/div>\n\t\t\t\t\t<\/div>\n\t\t\t\t<\/div>\n\t\t<div class=\"elementor-element elementor-element-4f68aa27 e-flex e-con-boxed e-con e-parent\" data-id=\"4f68aa27\" data-element_type=\"container\" data-e-type=\"container\" data-settings=\"{&quot;background_background&quot;:&quot;classic&quot;}\">\n\t\t\t\t\t<div class=\"e-con-inner\">\n\t\t\t\t<div class=\"elementor-element elementor-element-327d7fab elementor-widget elementor-widget-heading\" data-id=\"327d7fab\" data-element_type=\"widget\" data-e-type=\"widget\" data-widget_type=\"heading.default\">\n\t\t\t\t\t<h2 class=\"elementor-heading-title elementor-size-default\">Our Other Services<\/h2>\t\t\t\t<\/div>\n\t\t\t\t<div class=\"elementor-element elementor-element-197323a4 elementor-widget elementor-widget-heading\" data-id=\"197323a4\" data-element_type=\"widget\" data-e-type=\"widget\" data-widget_type=\"heading.default\">\n\t\t\t\t\t<h4 class=\"elementor-heading-title elementor-size-default\">Let us take care of it<\/h4>\t\t\t\t<\/div>\n\t\t\t\t<div class=\"elementor-element elementor-element-4cc4c3b7 elementor-widget__width-initial elementor-widget elementor-widget-text-editor\" data-id=\"4cc4c3b7\" data-element_type=\"widget\" data-e-type=\"widget\" data-widget_type=\"text-editor.default\">\n\t\t\t\t\t\t\t\t\t<p>Concierge service, taxi arrangements, ski passes\u2026 Please do not hesitate to contact the reception to book any services you may need.<\/p>\t\t\t\t\t\t\t\t<\/div>\n\t\t\t\t<div class=\"elementor-element elementor-element-19a22f1 elementor-widget elementor-widget-template\" data-id=\"19a22f1\" data-element_type=\"widget\" data-e-type=\"widget\" data-widget_type=\"template.default\">\n\t\t\t\t<div class=\"elementor-widget-container\">\n\t\t\t\t\t\t\t<div class=\"elementor-template\">\n\t\t\t\t\t<div data-elementor-type=\"container\" data-elementor-id=\"1002\" class=\"elementor elementor-1002\" data-elementor-post-type=\"elementor_library\">\n\t\t\t\t<div class=\"elementor-element elementor-element-78c5b905 e-grid e-con-full e-con e-child\" data-id=\"78c5b905\" data-element_type=\"container\" data-e-type=\"container\">\n\t\t<a class=\"elementor-element elementor-element-54e2dcaa e-con-full e-flex elementor-invisible e-con e-child\" data-id=\"54e2dcaa\" data-element_type=\"container\" data-e-type=\"container\" data-settings=\"{&quot;background_background&quot;:&quot;classic&quot;,&quot;animation&quot;:&quot;fadeInUp&quot;,&quot;animation_delay&quot;:300}\" href=\"https:\/\/www.montscharvin-courchevel.com\/en\/service-taxi\/\">\n\t\t\t\t<div class=\"elementor-element elementor-element-3480b5da elementor-widget elementor-widget-heading\" data-id=\"3480b5da\" data-element_type=\"widget\" data-e-type=\"widget\" data-widget_type=\"heading.default\">\n\t\t\t\t\t<h2 class=\"elementor-heading-title elementor-size-default\">Taxi<\/h2>\t\t\t\t<\/div>\n\t\t\t\t<div class=\"elementor-element elementor-element-57d24427 elementor-widget elementor-widget-text-editor\" data-id=\"57d24427\" data-element_type=\"widget\" data-e-type=\"widget\" data-widget_type=\"text-editor.default\">\n\t\t\t\t\t\t\t\t\t<p class=\"p1\"><span class=\"s1\">We can arrange your transfer to and from the hotel.<\/span><\/p>\t\t\t\t\t\t\t\t<\/div>\n\t\t\t\t<\/a>\n\t\t<a class=\"elementor-element elementor-element-1ba24944 e-con-full e-flex elementor-invisible e-con e-child\" data-id=\"1ba24944\" data-element_type=\"container\" data-e-type=\"container\" data-settings=\"{&quot;background_background&quot;:&quot;classic&quot;,&quot;animation&quot;:&quot;fadeInRight&quot;}\" href=\"https:\/\/www.montscharvin-courchevel.com\/en\/service-forfait\/\">\n\t\t\t\t<div class=\"elementor-element elementor-element-173f3053 elementor-widget elementor-widget-heading\" data-id=\"173f3053\" data-element_type=\"widget\" data-e-type=\"widget\" data-widget_type=\"heading.default\">\n\t\t\t\t\t<h2 class=\"elementor-heading-title elementor-size-default\">Ski pass details<\/h2>\t\t\t\t<\/div>\n\t\t\t\t<div class=\"elementor-element elementor-element-11b6e9c1 elementor-widget elementor-widget-text-editor\" data-id=\"11b6e9c1\" data-element_type=\"widget\" data-e-type=\"widget\" data-widget_type=\"text-editor.default\">\n\t\t\t\t\t\t\t\t\t<p class=\"p1\"><span class=\"s1\">Ski passes available for purchase on site (subject to a surcharge).<\/span><\/p>\t\t\t\t\t\t\t\t<\/div>\n\t\t\t\t<\/a>\n\t\t<a class=\"elementor-element elementor-element-26d206c7 e-con-full e-flex elementor-invisible e-con e-child\" data-id=\"26d206c7\" data-element_type=\"container\" data-e-type=\"container\" data-settings=\"{&quot;background_background&quot;:&quot;classic&quot;,&quot;animation&quot;:&quot;fadeInLeft&quot;}\" href=\"https:\/\/www.montscharvin-courchevel.com\/en\/service-ski-room\/\">\n\t\t\t\t<div class=\"elementor-element elementor-element-3ec58089 elementor-widget elementor-widget-heading\" data-id=\"3ec58089\" data-element_type=\"widget\" data-e-type=\"widget\" data-widget_type=\"heading.default\">\n\t\t\t\t\t<h2 class=\"elementor-heading-title elementor-size-default\">Ski Room<\/h2>\t\t\t\t<\/div>\n\t\t\t\t<div class=\"elementor-element elementor-element-23a91c2d elementor-widget elementor-widget-text-editor\" data-id=\"23a91c2d\" data-element_type=\"widget\" data-e-type=\"widget\" data-widget_type=\"text-editor.default\">\n\t\t\t\t\t\t\t\t\t<p><span style=\"font-weight: 400;\">A shared ski room is available on the ground floor of the hotel.<\/span><\/p>\t\t\t\t\t\t\t\t<\/div>\n\t\t\t\t<\/a>\n\t\t<a class=\"elementor-element elementor-element-2a2a5b e-con-full e-flex elementor-invisible e-con e-child\" data-id=\"2a2a5b\" data-element_type=\"container\" data-e-type=\"container\" data-settings=\"{&quot;background_background&quot;:&quot;classic&quot;,&quot;animation&quot;:&quot;fadeInUp&quot;}\" href=\"https:\/\/www.montscharvin-courchevel.com\/en\/service-location-de-ski\/\">\n\t\t\t\t<div class=\"elementor-element elementor-element-25d77612 elementor-widget elementor-widget-heading\" data-id=\"25d77612\" data-element_type=\"widget\" data-e-type=\"widget\" data-widget_type=\"heading.default\">\n\t\t\t\t\t<h2 class=\"elementor-heading-title elementor-size-default\">Ski rental<\/h2>\t\t\t\t<\/div>\n\t\t\t\t<div class=\"elementor-element elementor-element-365e61c4 elementor-widget elementor-widget-text-editor\" data-id=\"365e61c4\" data-element_type=\"widget\" data-e-type=\"widget\" data-widget_type=\"text-editor.default\">\n\t\t\t\t\t\t\t\t\t<p class=\"p1\"><span style=\"font-weight: 400;\">Enjoy exclusive discounts with our partner, Bernard Charvin Sports.<\/span><\/p>\t\t\t\t\t\t\t\t<\/div>\n\t\t\t\t<\/a>\n\t\t<a class=\"elementor-element elementor-element-341e4b62 e-con-full e-flex elementor-invisible e-con e-child\" data-id=\"341e4b62\" data-element_type=\"container\" data-e-type=\"container\" data-settings=\"{&quot;background_background&quot;:&quot;classic&quot;,&quot;animation&quot;:&quot;fadeInRight&quot;,&quot;animation_delay&quot;:300}\" href=\"https:\/\/www.montscharvin-courchevel.com\/en\/service-parking\/\">\n\t\t\t\t<div class=\"elementor-element elementor-element-559df74c elementor-widget elementor-widget-heading\" data-id=\"559df74c\" data-element_type=\"widget\" data-e-type=\"widget\" data-widget_type=\"heading.default\">\n\t\t\t\t\t<h2 class=\"elementor-heading-title elementor-size-default\">Parking<\/h2>\t\t\t\t<\/div>\n\t\t\t\t<div class=\"elementor-element elementor-element-76b3a674 elementor-widget elementor-widget-text-editor\" data-id=\"76b3a674\" data-element_type=\"widget\" data-e-type=\"widget\" data-widget_type=\"text-editor.default\">\n\t\t\t\t\t\t\t\t\t<p class=\"p1\">The hotel does not have on-site parking. For more information, please click here.<\/p>\t\t\t\t\t\t\t\t<\/div>\n\t\t\t\t<\/a>\n\t\t\t\t<\/div>\n\t\t\t\t<\/div>\n\t\t\t\t<\/div>\n\t\t\t\t\t\t<\/div>\n\t\t\t\t<\/div>\n\t\t\t\t\t<\/div>\n\t\t\t\t<\/div>\n\t\t\t\t<\/div>","protected":false},"excerpt":{"rendered":"<p>Nos services en chambre pour votre confort Dans un d\u00e9cor de bois et de simplicit\u00e9, nos chambres offrent tout le n\u00e9cessaire pour un s\u00e9jour agr\u00e9able. Nous veillons \u00e0 ce que chaque service contribue \u00e0 votre confort, dans une ambiance d\u00e9tendue et sans pr\u00e9tention. Ici, on se sent bien, tout simplement. Dans nos chambres Wifi Coffre-fort [&hellip;]<\/p>\n","protected":false},"author":1,"featured_media":0,"parent":0,"menu_order":0,"comment_status":"closed","ping_status":"closed","template":"","meta":{"footnotes":""},"class_list":["post-316","page","type-page","status-publish","hentry"],"yoast_head":"<!-- This site is optimized with the Yoast SEO plugin v27.2 - https:\/\/yoast.com\/product\/yoast-seo-wordpress\/ -->\n<title>Service en chambre \u00e0 Courchevel \u2013 H\u00f4tel Les Monts Charvin<\/title>\n<meta name=\"description\" content=\"D\u00e9tendez-vous avec notre service en chambre disponible \u00e0 tout moment. Confort et attention sur mesure pour votre s\u00e9jour 3 \u00e9toiles \u00e0 Courchevel.\" \/>\n<meta name=\"robots\" content=\"index, follow, max-snippet:-1, max-image-preview:large, max-video-preview:-1\" \/>\n<link rel=\"canonical\" href=\"https:\/\/www.montscharvin-courchevel.com\/en\/service-en-chambre\/\" \/>\n<meta property=\"og:locale\" content=\"en_GB\" \/>\n<meta property=\"og:type\" content=\"article\" \/>\n<meta property=\"og:title\" content=\"Service en chambre \u00e0 Courchevel \u2013 H\u00f4tel Les Monts Charvin\" \/>\n<meta property=\"og:description\" content=\"D\u00e9tendez-vous avec notre service en chambre disponible \u00e0 tout moment. Confort et attention sur mesure pour votre s\u00e9jour 3 \u00e9toiles \u00e0 Courchevel.\" \/>\n<meta property=\"og:url\" content=\"https:\/\/www.montscharvin-courchevel.com\/en\/service-en-chambre\/\" \/>\n<meta property=\"og:site_name\" content=\"H\u00f4tel Monts Charvin Courchevel\" \/>\n<meta property=\"article:modified_time\" content=\"2025-11-12T14:02:12+00:00\" \/>\n<meta property=\"og:image\" content=\"https:\/\/www.montscharvin-courchevel.com\/wp-content\/uploads\/2025\/09\/DSC04017-HDR.webp\" \/>\n\t<meta property=\"og:image:width\" content=\"1000\" \/>\n\t<meta property=\"og:image:height\" content=\"1500\" \/>\n\t<meta property=\"og:image:type\" content=\"image\/webp\" \/>\n<meta name=\"twitter:card\" content=\"summary_large_image\" \/>\n<meta name=\"twitter:label1\" content=\"Estimated reading time\" \/>\n\t<meta name=\"twitter:data1\" content=\"1 minute\" \/>\n<script type=\"application\/ld+json\" class=\"yoast-schema-graph\">{\"@context\":\"https:\/\/schema.org\",\"@graph\":[{\"@type\":\"WebPage\",\"@id\":\"https:\/\/www.montscharvin-courchevel.com\/service-en-chambre\/\",\"url\":\"https:\/\/www.montscharvin-courchevel.com\/service-en-chambre\/\",\"name\":\"Service en chambre \u00e0 Courchevel \u2013 H\u00f4tel Les Monts Charvin\",\"isPartOf\":{\"@id\":\"https:\/\/www.montscharvin-courchevel.com\/#website\"},\"primaryImageOfPage\":{\"@id\":\"https:\/\/www.montscharvin-courchevel.com\/service-en-chambre\/#primaryimage\"},\"image\":{\"@id\":\"https:\/\/www.montscharvin-courchevel.com\/service-en-chambre\/#primaryimage\"},\"thumbnailUrl\":\"https:\/\/www.montscharvin-courchevel.com\/wp-content\/uploads\/2025\/09\/DSC04017-HDR-683x1024.webp\",\"datePublished\":\"2025-09-26T11:32:33+00:00\",\"dateModified\":\"2025-11-12T14:02:12+00:00\",\"description\":\"D\u00e9tendez-vous avec notre service en chambre disponible \u00e0 tout moment. Confort et attention sur mesure pour votre s\u00e9jour 3 \u00e9toiles \u00e0 Courchevel.\",\"breadcrumb\":{\"@id\":\"https:\/\/www.montscharvin-courchevel.com\/service-en-chambre\/#breadcrumb\"},\"inLanguage\":\"en-GB\",\"potentialAction\":[{\"@type\":\"ReadAction\",\"target\":[\"https:\/\/www.montscharvin-courchevel.com\/service-en-chambre\/\"]}]},{\"@type\":\"ImageObject\",\"inLanguage\":\"en-GB\",\"@id\":\"https:\/\/www.montscharvin-courchevel.com\/service-en-chambre\/#primaryimage\",\"url\":\"https:\/\/www.montscharvin-courchevel.com\/wp-content\/uploads\/2025\/09\/DSC04017-HDR-683x1024.webp\",\"contentUrl\":\"https:\/\/www.montscharvin-courchevel.com\/wp-content\/uploads\/2025\/09\/DSC04017-HDR-683x1024.webp\"},{\"@type\":\"BreadcrumbList\",\"@id\":\"https:\/\/www.montscharvin-courchevel.com\/service-en-chambre\/#breadcrumb\",\"itemListElement\":[{\"@type\":\"ListItem\",\"position\":1,\"name\":\"Accueil\",\"item\":\"https:\/\/www.montscharvin-courchevel.com\/\"},{\"@type\":\"ListItem\",\"position\":2,\"name\":\"Service &#8211; En Chambre\"}]},{\"@type\":\"WebSite\",\"@id\":\"https:\/\/www.montscharvin-courchevel.com\/#website\",\"url\":\"https:\/\/www.montscharvin-courchevel.com\/\",\"name\":\"H\u00f4tel Monts Charvin Courchevel\",\"description\":\"H\u00f4tel Monts Charvin Courchevel\",\"publisher\":{\"@id\":\"https:\/\/www.montscharvin-courchevel.com\/#organization\"},\"potentialAction\":[{\"@type\":\"SearchAction\",\"target\":{\"@type\":\"EntryPoint\",\"urlTemplate\":\"https:\/\/www.montscharvin-courchevel.com\/?s={search_term_string}\"},\"query-input\":{\"@type\":\"PropertyValueSpecification\",\"valueRequired\":true,\"valueName\":\"search_term_string\"}}],\"inLanguage\":\"en-GB\"},{\"@type\":\"Organization\",\"@id\":\"https:\/\/www.montscharvin-courchevel.com\/#organization\",\"name\":\"H\u00f4tel Monts Charvin Courchevel\",\"url\":\"https:\/\/www.montscharvin-courchevel.com\/\",\"logo\":{\"@type\":\"ImageObject\",\"inLanguage\":\"en-GB\",\"@id\":\"https:\/\/www.montscharvin-courchevel.com\/#\/schema\/logo\/image\/\",\"url\":\"https:\/\/www.montscharvin-courchevel.com\/wp-content\/uploads\/2025\/09\/logo-les-monts-charvins-boutique-hotel-courchevel.png\",\"contentUrl\":\"https:\/\/www.montscharvin-courchevel.com\/wp-content\/uploads\/2025\/09\/logo-les-monts-charvins-boutique-hotel-courchevel.png\",\"width\":167,\"height\":80,\"caption\":\"H\u00f4tel Monts Charvin Courchevel\"},\"image\":{\"@id\":\"https:\/\/www.montscharvin-courchevel.com\/#\/schema\/logo\/image\/\"}}]}<\/script>\n<!-- \/ Yoast SEO plugin. -->","yoast_head_json":{"title":"Service en chambre \u00e0 Courchevel \u2013 H\u00f4tel Les Monts Charvin","description":"D\u00e9tendez-vous avec notre service en chambre disponible \u00e0 tout moment. Confort et attention sur mesure pour votre s\u00e9jour 3 \u00e9toiles \u00e0 Courchevel.","robots":{"index":"index","follow":"follow","max-snippet":"max-snippet:-1","max-image-preview":"max-image-preview:large","max-video-preview":"max-video-preview:-1"},"canonical":"https:\/\/www.montscharvin-courchevel.com\/en\/service-en-chambre\/","og_locale":"en_GB","og_type":"article","og_title":"Service en chambre \u00e0 Courchevel \u2013 H\u00f4tel Les Monts Charvin","og_description":"D\u00e9tendez-vous avec notre service en chambre disponible \u00e0 tout moment. Confort et attention sur mesure pour votre s\u00e9jour 3 \u00e9toiles \u00e0 Courchevel.","og_url":"https:\/\/www.montscharvin-courchevel.com\/en\/service-en-chambre\/","og_site_name":"H\u00f4tel Monts Charvin Courchevel","article_modified_time":"2025-11-12T14:02:12+00:00","og_image":[{"width":1000,"height":1500,"url":"https:\/\/www.montscharvin-courchevel.com\/wp-content\/uploads\/2025\/09\/DSC04017-HDR.webp","type":"image\/webp"}],"twitter_card":"summary_large_image","twitter_misc":{"Estimated reading time":"1 minute"},"schema":{"@context":"https:\/\/schema.org","@graph":[{"@type":"WebPage","@id":"https:\/\/www.montscharvin-courchevel.com\/service-en-chambre\/","url":"https:\/\/www.montscharvin-courchevel.com\/service-en-chambre\/","name":"Service en chambre \u00e0 Courchevel \u2013 H\u00f4tel Les Monts Charvin","isPartOf":{"@id":"https:\/\/www.montscharvin-courchevel.com\/#website"},"primaryImageOfPage":{"@id":"https:\/\/www.montscharvin-courchevel.com\/service-en-chambre\/#primaryimage"},"image":{"@id":"https:\/\/www.montscharvin-courchevel.com\/service-en-chambre\/#primaryimage"},"thumbnailUrl":"https:\/\/www.montscharvin-courchevel.com\/wp-content\/uploads\/2025\/09\/DSC04017-HDR-683x1024.webp","datePublished":"2025-09-26T11:32:33+00:00","dateModified":"2025-11-12T14:02:12+00:00","description":"D\u00e9tendez-vous avec notre service en chambre disponible \u00e0 tout moment. Confort et attention sur mesure pour votre s\u00e9jour 3 \u00e9toiles \u00e0 Courchevel.","breadcrumb":{"@id":"https:\/\/www.montscharvin-courchevel.com\/service-en-chambre\/#breadcrumb"},"inLanguage":"en-GB","potentialAction":[{"@type":"ReadAction","target":["https:\/\/www.montscharvin-courchevel.com\/service-en-chambre\/"]}]},{"@type":"ImageObject","inLanguage":"en-GB","@id":"https:\/\/www.montscharvin-courchevel.com\/service-en-chambre\/#primaryimage","url":"https:\/\/www.montscharvin-courchevel.com\/wp-content\/uploads\/2025\/09\/DSC04017-HDR-683x1024.webp","contentUrl":"https:\/\/www.montscharvin-courchevel.com\/wp-content\/uploads\/2025\/09\/DSC04017-HDR-683x1024.webp"},{"@type":"BreadcrumbList","@id":"https:\/\/www.montscharvin-courchevel.com\/service-en-chambre\/#breadcrumb","itemListElement":[{"@type":"ListItem","position":1,"name":"Accueil","item":"https:\/\/www.montscharvin-courchevel.com\/"},{"@type":"ListItem","position":2,"name":"Service &#8211; En Chambre"}]},{"@type":"WebSite","@id":"https:\/\/www.montscharvin-courchevel.com\/#website","url":"https:\/\/www.montscharvin-courchevel.com\/","name":"H\u00f4tel Monts Charvin Courchevel","description":"H\u00f4tel Monts Charvin Courchevel","publisher":{"@id":"https:\/\/www.montscharvin-courchevel.com\/#organization"},"potentialAction":[{"@type":"SearchAction","target":{"@type":"EntryPoint","urlTemplate":"https:\/\/www.montscharvin-courchevel.com\/?s={search_term_string}"},"query-input":{"@type":"PropertyValueSpecification","valueRequired":true,"valueName":"search_term_string"}}],"inLanguage":"en-GB"},{"@type":"Organization","@id":"https:\/\/www.montscharvin-courchevel.com\/#organization","name":"H\u00f4tel Monts Charvin Courchevel","url":"https:\/\/www.montscharvin-courchevel.com\/","logo":{"@type":"ImageObject","inLanguage":"en-GB","@id":"https:\/\/www.montscharvin-courchevel.com\/#\/schema\/logo\/image\/","url":"https:\/\/www.montscharvin-courchevel.com\/wp-content\/uploads\/2025\/09\/logo-les-monts-charvins-boutique-hotel-courchevel.png","contentUrl":"https:\/\/www.montscharvin-courchevel.com\/wp-content\/uploads\/2025\/09\/logo-les-monts-charvins-boutique-hotel-courchevel.png","width":167,"height":80,"caption":"H\u00f4tel Monts Charvin Courchevel"},"image":{"@id":"https:\/\/www.montscharvin-courchevel.com\/#\/schema\/logo\/image\/"}}]}},"_links":{"self":[{"href":"https:\/\/www.montscharvin-courchevel.com\/en\/wp-json\/wp\/v2\/pages\/316","targetHints":{"allow":["GET"]}}],"collection":[{"href":"https:\/\/www.montscharvin-courchevel.com\/en\/wp-json\/wp\/v2\/pages"}],"about":[{"href":"https:\/\/www.montscharvin-courchevel.com\/en\/wp-json\/wp\/v2\/types\/page"}],"author":[{"embeddable":true,"href":"https:\/\/www.montscharvin-courchevel.com\/en\/wp-json\/wp\/v2\/users\/1"}],"replies":[{"embeddable":true,"href":"https:\/\/www.montscharvin-courchevel.com\/en\/wp-json\/wp\/v2\/comments?post=316"}],"version-history":[{"count":49,"href":"https:\/\/www.montscharvin-courchevel.com\/en\/wp-json\/wp\/v2\/pages\/316\/revisions"}],"predecessor-version":[{"id":1070,"href":"https:\/\/www.montscharvin-courchevel.com\/en\/wp-json\/wp\/v2\/pages\/316\/revisions\/1070"}],"wp:attachment":[{"href":"https:\/\/www.montscharvin-courchevel.com\/en\/wp-json\/wp\/v2\/media?parent=316"}],"curies":[{"name":"wp","href":"https:\/\/api.w.org\/{rel}","templated":true}]}}