{"id":310,"date":"2025-09-26T11:32:08","date_gmt":"2025-09-26T11:32:08","guid":{"rendered":"https:\/\/www.montscharvin-courchevel.com\/?page_id=310"},"modified":"2025-11-12T09:49:07","modified_gmt":"2025-11-12T09:49:07","slug":"service-parking","status":"publish","type":"page","link":"https:\/\/www.montscharvin-courchevel.com\/en\/service-parking\/","title":{"rendered":"Service &#8211; Parking"},"content":{"rendered":"<div data-elementor-type=\"wp-page\" data-elementor-id=\"310\" class=\"elementor elementor-310\" data-elementor-post-type=\"page\">\n\t\t\t\t<div class=\"elementor-element elementor-element-8217cb3 e-flex e-con-boxed e-con e-parent\" data-id=\"8217cb3\" data-element_type=\"container\" data-e-type=\"container\" data-settings=\"{&quot;background_background&quot;:&quot;classic&quot;}\">\n\t\t\t\t\t<div class=\"e-con-inner\">\n\t\t\t\t\t<\/div>\n\t\t\t\t<\/div>\n\t\t<div class=\"elementor-element elementor-element-890149a e-flex e-con-boxed e-con e-parent\" data-id=\"890149a\" data-element_type=\"container\" data-e-type=\"container\">\n\t\t\t\t\t<div class=\"e-con-inner\">\n\t\t\t\t<div class=\"elementor-element elementor-element-4947be3 elementor-widget elementor-widget-heading\" data-id=\"4947be3\" data-element_type=\"widget\" data-e-type=\"widget\" data-widget_type=\"heading.default\">\n\t\t\t\t\t<h1 class=\"elementor-heading-title elementor-size-default\">Parking<\/h1>\t\t\t\t<\/div>\n\t\t\t\t<div class=\"elementor-element elementor-element-4166f68 elementor-widget__width-initial elementor-widget elementor-widget-text-editor\" data-id=\"4166f68\" data-element_type=\"widget\" data-e-type=\"widget\" data-widget_type=\"text-editor.default\">\n\t\t\t\t\t\t\t\t\t<h2><b>The hotel does not have its own parking facilities.<\/b><\/h2><p>You may park at La Croisette parking, located approximately 100 metres from the hotel.<\/p>\t\t\t\t\t\t\t\t<\/div>\n\t\t\t\t<div class=\"elementor-element elementor-element-522dfa6 elementor-widget elementor-widget-button\" data-id=\"522dfa6\" data-element_type=\"widget\" data-e-type=\"widget\" data-widget_type=\"button.default\">\n\t\t\t\t\t\t\t\t\t\t<a class=\"elementor-button elementor-button-link elementor-size-sm\" href=\"https:\/\/courchevelparcauto.mairie-courchevel.com\/les-parkings\/liste-des-parkings.html\" target=\"_blank\">\n\t\t\t\t\t\t<span class=\"elementor-button-content-wrapper\">\n\t\t\t\t\t\t\t\t\t<span class=\"elementor-button-text\">Information &amp; reservations<\/span>\n\t\t\t\t\t<\/span>\n\t\t\t\t\t<\/a>\n\t\t\t\t\t\t\t\t<\/div>\n\t\t<div class=\"elementor-element elementor-element-9d1627a e-con-full e-flex e-con e-child\" data-id=\"9d1627a\" data-element_type=\"container\" data-e-type=\"container\">\n\t\t\t\t<div class=\"elementor-element elementor-element-3478dfc elementor-widget__width-initial elementor-widget-mobile__width-inherit elementor-widget elementor-widget-heading\" data-id=\"3478dfc\" data-element_type=\"widget\" data-e-type=\"widget\" data-widget_type=\"heading.default\">\n\t\t\t\t\t<span class=\"elementor-heading-title elementor-size-default\">100M from the hotel<\/span>\t\t\t\t<\/div>\n\t\t\t\t<div class=\"elementor-element elementor-element-d2bb28f elementor-widget__width-initial elementor-widget-mobile__width-inherit elementor-widget elementor-widget-heading\" data-id=\"d2bb28f\" data-element_type=\"widget\" data-e-type=\"widget\" data-widget_type=\"heading.default\">\n\t\t\t\t\t<span class=\"elementor-heading-title elementor-size-default\">Covered parking<\/span>\t\t\t\t<\/div>\n\t\t\t\t<div class=\"elementor-element elementor-element-2701412 elementor-widget__width-initial elementor-widget-mobile__width-inherit elementor-widget elementor-widget-heading\" data-id=\"2701412\" data-element_type=\"widget\" data-e-type=\"widget\" data-widget_type=\"heading.default\">\n\t\t\t\t\t<span class=\"elementor-heading-title elementor-size-default\">Maximum height: 2m<\/span>\t\t\t\t<\/div>\n\t\t\t\t<\/div>\n\t\t\t\t\t<\/div>\n\t\t\t\t<\/div>\n\t\t<div class=\"elementor-element elementor-element-62fdb390 e-flex e-con-boxed e-con e-parent\" data-id=\"62fdb390\" data-element_type=\"container\" data-e-type=\"container\" data-settings=\"{&quot;background_background&quot;:&quot;classic&quot;}\">\n\t\t\t\t\t<div class=\"e-con-inner\">\n\t\t\t\t<div class=\"elementor-element elementor-element-4af63842 elementor-widget elementor-widget-heading\" data-id=\"4af63842\" data-element_type=\"widget\" data-e-type=\"widget\" data-widget_type=\"heading.default\">\n\t\t\t\t\t<h2 class=\"elementor-heading-title elementor-size-default\">Our Other Services<\/h2>\t\t\t\t<\/div>\n\t\t\t\t<div class=\"elementor-element elementor-element-81ca8b3 elementor-widget elementor-widget-heading\" data-id=\"81ca8b3\" data-element_type=\"widget\" data-e-type=\"widget\" data-widget_type=\"heading.default\">\n\t\t\t\t\t<h4 class=\"elementor-heading-title elementor-size-default\"><div data-id=\"197323a4\" data-element_type=\"widget\" data-widget_type=\"heading.default\" style=\"align-self: auto;flex: 0 1 auto;align-items: normal;flex-flow: row;gap: 20px;--widgets-spacing: 20px 20px;--widgets-spacing-row: 20px;--widgets-spacing-column: 20px;margin-bottom: 0px;--kit-widget-spacing: 0px;max-width: 100%;font-size: 16px;text-transform: none\"><h4 style=\"font-family: Barlow, sans-serif;font-weight: 200;line-height: 40.8px;font-size: 34px;text-transform: uppercase;font-style: normal\"><div data-id=\"197323a4\" data-element_type=\"widget\" data-widget_type=\"heading.default\" style=\"align-self: auto;flex: 0 1 auto;align-items: normal;flex-flow: row;gap: 20px;--widgets-spacing: 20px 20px;--widgets-spacing-row: 20px;--widgets-spacing-column: 20px;margin-bottom: 0px;--kit-widget-spacing: 0px;max-width: 100%;font-size: 16px;text-transform: none\"><h4 style=\"font-family: Barlow, sans-serif;font-weight: 200;line-height: 40.8px;font-size: 34px;text-transform: uppercase;font-style: normal\">Let us take care of it<span><\/span><\/h4><\/div><\/h4><\/div><\/h4>\t\t\t\t<\/div>\n\t\t\t\t<div class=\"elementor-element elementor-element-c88f105 elementor-widget elementor-widget-template\" data-id=\"c88f105\" data-element_type=\"widget\" data-e-type=\"widget\" data-widget_type=\"template.default\">\n\t\t\t\t<div class=\"elementor-widget-container\">\n\t\t\t\t\t\t\t<div class=\"elementor-template\">\n\t\t\t\t\t<div data-elementor-type=\"container\" data-elementor-id=\"1002\" class=\"elementor elementor-1002\" data-elementor-post-type=\"elementor_library\">\n\t\t\t\t<div class=\"elementor-element elementor-element-78c5b905 e-grid e-con-full e-con e-child\" data-id=\"78c5b905\" data-element_type=\"container\" data-e-type=\"container\">\n\t\t<a class=\"elementor-element elementor-element-716b645a e-con-full e-flex elementor-invisible e-con e-child\" data-id=\"716b645a\" data-element_type=\"container\" data-e-type=\"container\" data-settings=\"{&quot;background_background&quot;:&quot;classic&quot;,&quot;animation&quot;:&quot;fadeInLeft&quot;}\" href=\"https:\/\/www.montscharvin-courchevel.com\/en\/service-en-chambre\/\">\n\t\t\t\t<div class=\"elementor-element elementor-element-4e05aee8 elementor-widget elementor-widget-heading\" data-id=\"4e05aee8\" data-element_type=\"widget\" data-e-type=\"widget\" data-widget_type=\"heading.default\">\n\t\t\t\t\t<h2 class=\"elementor-heading-title elementor-size-default\">In-Room Services<\/h2>\t\t\t\t<\/div>\n\t\t\t\t<div class=\"elementor-element elementor-element-2ae302f6 elementor-widget elementor-widget-text-editor\" data-id=\"2ae302f6\" data-element_type=\"widget\" data-e-type=\"widget\" data-widget_type=\"text-editor.default\">\n\t\t\t\t\t\t\t\t\t<p>We remain at your disposal throughout your stay.<\/p>\t\t\t\t\t\t\t\t<\/div>\n\t\t\t\t<\/a>\n\t\t<a class=\"elementor-element elementor-element-54e2dcaa e-con-full e-flex elementor-invisible e-con e-child\" data-id=\"54e2dcaa\" data-element_type=\"container\" data-e-type=\"container\" data-settings=\"{&quot;background_background&quot;:&quot;classic&quot;,&quot;animation&quot;:&quot;fadeInUp&quot;,&quot;animation_delay&quot;:300}\" href=\"https:\/\/www.montscharvin-courchevel.com\/en\/service-taxi\/\">\n\t\t\t\t<div class=\"elementor-element elementor-element-3480b5da elementor-widget elementor-widget-heading\" data-id=\"3480b5da\" data-element_type=\"widget\" data-e-type=\"widget\" data-widget_type=\"heading.default\">\n\t\t\t\t\t<h2 class=\"elementor-heading-title elementor-size-default\">Taxi<\/h2>\t\t\t\t<\/div>\n\t\t\t\t<div class=\"elementor-element elementor-element-57d24427 elementor-widget elementor-widget-text-editor\" data-id=\"57d24427\" data-element_type=\"widget\" data-e-type=\"widget\" data-widget_type=\"text-editor.default\">\n\t\t\t\t\t\t\t\t\t<p class=\"p1\"><span class=\"s1\">We can arrange your transfer to and from the hotel.<\/span><\/p>\t\t\t\t\t\t\t\t<\/div>\n\t\t\t\t<\/a>\n\t\t<a class=\"elementor-element elementor-element-1ba24944 e-con-full e-flex elementor-invisible e-con e-child\" data-id=\"1ba24944\" data-element_type=\"container\" data-e-type=\"container\" data-settings=\"{&quot;background_background&quot;:&quot;classic&quot;,&quot;animation&quot;:&quot;fadeInRight&quot;}\" href=\"https:\/\/www.montscharvin-courchevel.com\/en\/service-forfait\/\">\n\t\t\t\t<div class=\"elementor-element elementor-element-173f3053 elementor-widget elementor-widget-heading\" data-id=\"173f3053\" data-element_type=\"widget\" data-e-type=\"widget\" data-widget_type=\"heading.default\">\n\t\t\t\t\t<h2 class=\"elementor-heading-title elementor-size-default\">Ski pass details<\/h2>\t\t\t\t<\/div>\n\t\t\t\t<div class=\"elementor-element elementor-element-11b6e9c1 elementor-widget elementor-widget-text-editor\" data-id=\"11b6e9c1\" data-element_type=\"widget\" data-e-type=\"widget\" data-widget_type=\"text-editor.default\">\n\t\t\t\t\t\t\t\t\t<p class=\"p1\"><span class=\"s1\">Ski passes available for purchase on site (subject to a surcharge).<\/span><\/p>\t\t\t\t\t\t\t\t<\/div>\n\t\t\t\t<\/a>\n\t\t<a class=\"elementor-element elementor-element-26d206c7 e-con-full e-flex elementor-invisible e-con e-child\" data-id=\"26d206c7\" data-element_type=\"container\" data-e-type=\"container\" data-settings=\"{&quot;background_background&quot;:&quot;classic&quot;,&quot;animation&quot;:&quot;fadeInLeft&quot;}\" href=\"https:\/\/www.montscharvin-courchevel.com\/en\/service-ski-room\/\">\n\t\t\t\t<div class=\"elementor-element elementor-element-3ec58089 elementor-widget elementor-widget-heading\" data-id=\"3ec58089\" data-element_type=\"widget\" data-e-type=\"widget\" data-widget_type=\"heading.default\">\n\t\t\t\t\t<h2 class=\"elementor-heading-title elementor-size-default\">Ski Room<\/h2>\t\t\t\t<\/div>\n\t\t\t\t<div class=\"elementor-element elementor-element-23a91c2d elementor-widget elementor-widget-text-editor\" data-id=\"23a91c2d\" data-element_type=\"widget\" data-e-type=\"widget\" data-widget_type=\"text-editor.default\">\n\t\t\t\t\t\t\t\t\t<p><span style=\"font-weight: 400;\">A shared ski room is available on the ground floor of the hotel.<\/span><\/p>\t\t\t\t\t\t\t\t<\/div>\n\t\t\t\t<\/a>\n\t\t<a class=\"elementor-element elementor-element-2a2a5b e-con-full e-flex elementor-invisible e-con e-child\" data-id=\"2a2a5b\" data-element_type=\"container\" data-e-type=\"container\" data-settings=\"{&quot;background_background&quot;:&quot;classic&quot;,&quot;animation&quot;:&quot;fadeInUp&quot;}\" href=\"https:\/\/www.montscharvin-courchevel.com\/en\/service-location-de-ski\/\">\n\t\t\t\t<div class=\"elementor-element elementor-element-25d77612 elementor-widget elementor-widget-heading\" data-id=\"25d77612\" data-element_type=\"widget\" data-e-type=\"widget\" data-widget_type=\"heading.default\">\n\t\t\t\t\t<h2 class=\"elementor-heading-title elementor-size-default\">Ski rental<\/h2>\t\t\t\t<\/div>\n\t\t\t\t<div class=\"elementor-element elementor-element-365e61c4 elementor-widget elementor-widget-text-editor\" data-id=\"365e61c4\" data-element_type=\"widget\" data-e-type=\"widget\" data-widget_type=\"text-editor.default\">\n\t\t\t\t\t\t\t\t\t<p class=\"p1\"><span style=\"font-weight: 400;\">Enjoy exclusive discounts with our partner, Bernard Charvin Sports.<\/span><\/p>\t\t\t\t\t\t\t\t<\/div>\n\t\t\t\t<\/a>\n\t\t\t\t<\/div>\n\t\t\t\t<\/div>\n\t\t\t\t<\/div>\n\t\t\t\t\t\t<\/div>\n\t\t\t\t<\/div>\n\t\t\t\t\t<\/div>\n\t\t\t\t<\/div>\n\t\t\t\t<\/div>","protected":false},"excerpt":{"rendered":"<p>Place de parking L\u2019h\u00f4tel ne poss\u00e8de pas de parking. Vous pouvez vous garer au parking de la Croisette, situ\u00e9 \u00e0 environ 100m. Infos et r\u00e9servations \u00c0 100m de l&rsquo;h\u00f4tel Parking couvert Hauteur max : 2m Nos autres services faites appel \u00e0 nous<\/p>","protected":false},"author":1,"featured_media":0,"parent":0,"menu_order":0,"comment_status":"closed","ping_status":"closed","template":"","meta":{"footnotes":""},"class_list":["post-310","page","type-page","status-publish","hentry"],"yoast_head":"<!-- This site is optimized with the Yoast SEO plugin v27.2 - https:\/\/yoast.com\/product\/yoast-seo-wordpress\/ -->\n<title>Parking \u00e0 Courchevel \u2013 H\u00f4tel Les Monts Charvin<\/title>\n<meta name=\"description\" content=\"Profitez d\u2019une place de parking pratique et s\u00e9curis\u00e9e en plein c\u0153ur de Courchevel lors de votre s\u00e9jour \u00e0 l\u2019H\u00f4tel Les Monts Charvin.\" \/>\n<meta name=\"robots\" content=\"index, follow, max-snippet:-1, max-image-preview:large, max-video-preview:-1\" \/>\n<link rel=\"canonical\" href=\"https:\/\/www.montscharvin-courchevel.com\/en\/service-parking\/\" \/>\n<meta property=\"og:locale\" content=\"en_GB\" \/>\n<meta property=\"og:type\" content=\"article\" \/>\n<meta property=\"og:title\" content=\"Parking \u00e0 Courchevel \u2013 H\u00f4tel Les Monts Charvin\" \/>\n<meta property=\"og:description\" content=\"Profitez d\u2019une place de parking pratique et s\u00e9curis\u00e9e en plein c\u0153ur de Courchevel lors de votre s\u00e9jour \u00e0 l\u2019H\u00f4tel Les Monts Charvin.\" \/>\n<meta property=\"og:url\" content=\"https:\/\/www.montscharvin-courchevel.com\/en\/service-parking\/\" \/>\n<meta property=\"og:site_name\" content=\"H\u00f4tel Monts Charvin Courchevel\" \/>\n<meta property=\"article:modified_time\" content=\"2025-11-12T09:49:07+00:00\" \/>\n<meta name=\"twitter:card\" content=\"summary_large_image\" \/>\n<meta name=\"twitter:label1\" content=\"Estimated reading time\" \/>\n\t<meta name=\"twitter:data1\" content=\"1 minute\" \/>\n<script type=\"application\/ld+json\" class=\"yoast-schema-graph\">{\"@context\":\"https:\/\/schema.org\",\"@graph\":[{\"@type\":\"WebPage\",\"@id\":\"https:\/\/www.montscharvin-courchevel.com\/service-parking\/\",\"url\":\"https:\/\/www.montscharvin-courchevel.com\/service-parking\/\",\"name\":\"Parking \u00e0 Courchevel \u2013 H\u00f4tel Les Monts Charvin\",\"isPartOf\":{\"@id\":\"https:\/\/www.montscharvin-courchevel.com\/#website\"},\"datePublished\":\"2025-09-26T11:32:08+00:00\",\"dateModified\":\"2025-11-12T09:49:07+00:00\",\"description\":\"Profitez d\u2019une place de parking pratique et s\u00e9curis\u00e9e en plein c\u0153ur de Courchevel lors de votre s\u00e9jour \u00e0 l\u2019H\u00f4tel Les Monts Charvin.\",\"breadcrumb\":{\"@id\":\"https:\/\/www.montscharvin-courchevel.com\/service-parking\/#breadcrumb\"},\"inLanguage\":\"en-GB\",\"potentialAction\":[{\"@type\":\"ReadAction\",\"target\":[\"https:\/\/www.montscharvin-courchevel.com\/service-parking\/\"]}]},{\"@type\":\"BreadcrumbList\",\"@id\":\"https:\/\/www.montscharvin-courchevel.com\/service-parking\/#breadcrumb\",\"itemListElement\":[{\"@type\":\"ListItem\",\"position\":1,\"name\":\"Accueil\",\"item\":\"https:\/\/www.montscharvin-courchevel.com\/\"},{\"@type\":\"ListItem\",\"position\":2,\"name\":\"Service &#8211; Parking\"}]},{\"@type\":\"WebSite\",\"@id\":\"https:\/\/www.montscharvin-courchevel.com\/#website\",\"url\":\"https:\/\/www.montscharvin-courchevel.com\/\",\"name\":\"H\u00f4tel Monts Charvin Courchevel\",\"description\":\"H\u00f4tel Monts Charvin Courchevel\",\"publisher\":{\"@id\":\"https:\/\/www.montscharvin-courchevel.com\/#organization\"},\"potentialAction\":[{\"@type\":\"SearchAction\",\"target\":{\"@type\":\"EntryPoint\",\"urlTemplate\":\"https:\/\/www.montscharvin-courchevel.com\/?s={search_term_string}\"},\"query-input\":{\"@type\":\"PropertyValueSpecification\",\"valueRequired\":true,\"valueName\":\"search_term_string\"}}],\"inLanguage\":\"en-GB\"},{\"@type\":\"Organization\",\"@id\":\"https:\/\/www.montscharvin-courchevel.com\/#organization\",\"name\":\"H\u00f4tel Monts Charvin Courchevel\",\"url\":\"https:\/\/www.montscharvin-courchevel.com\/\",\"logo\":{\"@type\":\"ImageObject\",\"inLanguage\":\"en-GB\",\"@id\":\"https:\/\/www.montscharvin-courchevel.com\/#\/schema\/logo\/image\/\",\"url\":\"https:\/\/www.montscharvin-courchevel.com\/wp-content\/uploads\/2025\/09\/logo-les-monts-charvins-boutique-hotel-courchevel.png\",\"contentUrl\":\"https:\/\/www.montscharvin-courchevel.com\/wp-content\/uploads\/2025\/09\/logo-les-monts-charvins-boutique-hotel-courchevel.png\",\"width\":167,\"height\":80,\"caption\":\"H\u00f4tel Monts Charvin Courchevel\"},\"image\":{\"@id\":\"https:\/\/www.montscharvin-courchevel.com\/#\/schema\/logo\/image\/\"}}]}<\/script>\n<!-- \/ Yoast SEO plugin. -->","yoast_head_json":{"title":"Parking \u00e0 Courchevel \u2013 H\u00f4tel Les Monts Charvin","description":"Profitez d\u2019une place de parking pratique et s\u00e9curis\u00e9e en plein c\u0153ur de Courchevel lors de votre s\u00e9jour \u00e0 l\u2019H\u00f4tel Les Monts Charvin.","robots":{"index":"index","follow":"follow","max-snippet":"max-snippet:-1","max-image-preview":"max-image-preview:large","max-video-preview":"max-video-preview:-1"},"canonical":"https:\/\/www.montscharvin-courchevel.com\/en\/service-parking\/","og_locale":"en_GB","og_type":"article","og_title":"Parking \u00e0 Courchevel \u2013 H\u00f4tel Les Monts Charvin","og_description":"Profitez d\u2019une place de parking pratique et s\u00e9curis\u00e9e en plein c\u0153ur de Courchevel lors de votre s\u00e9jour \u00e0 l\u2019H\u00f4tel Les Monts Charvin.","og_url":"https:\/\/www.montscharvin-courchevel.com\/en\/service-parking\/","og_site_name":"H\u00f4tel Monts Charvin Courchevel","article_modified_time":"2025-11-12T09:49:07+00:00","twitter_card":"summary_large_image","twitter_misc":{"Estimated reading time":"1 minute"},"schema":{"@context":"https:\/\/schema.org","@graph":[{"@type":"WebPage","@id":"https:\/\/www.montscharvin-courchevel.com\/service-parking\/","url":"https:\/\/www.montscharvin-courchevel.com\/service-parking\/","name":"Parking \u00e0 Courchevel \u2013 H\u00f4tel Les Monts Charvin","isPartOf":{"@id":"https:\/\/www.montscharvin-courchevel.com\/#website"},"datePublished":"2025-09-26T11:32:08+00:00","dateModified":"2025-11-12T09:49:07+00:00","description":"Profitez d\u2019une place de parking pratique et s\u00e9curis\u00e9e en plein c\u0153ur de Courchevel lors de votre s\u00e9jour \u00e0 l\u2019H\u00f4tel Les Monts Charvin.","breadcrumb":{"@id":"https:\/\/www.montscharvin-courchevel.com\/service-parking\/#breadcrumb"},"inLanguage":"en-GB","potentialAction":[{"@type":"ReadAction","target":["https:\/\/www.montscharvin-courchevel.com\/service-parking\/"]}]},{"@type":"BreadcrumbList","@id":"https:\/\/www.montscharvin-courchevel.com\/service-parking\/#breadcrumb","itemListElement":[{"@type":"ListItem","position":1,"name":"Accueil","item":"https:\/\/www.montscharvin-courchevel.com\/"},{"@type":"ListItem","position":2,"name":"Service &#8211; Parking"}]},{"@type":"WebSite","@id":"https:\/\/www.montscharvin-courchevel.com\/#website","url":"https:\/\/www.montscharvin-courchevel.com\/","name":"H\u00f4tel Monts Charvin Courchevel","description":"H\u00f4tel Monts Charvin Courchevel","publisher":{"@id":"https:\/\/www.montscharvin-courchevel.com\/#organization"},"potentialAction":[{"@type":"SearchAction","target":{"@type":"EntryPoint","urlTemplate":"https:\/\/www.montscharvin-courchevel.com\/?s={search_term_string}"},"query-input":{"@type":"PropertyValueSpecification","valueRequired":true,"valueName":"search_term_string"}}],"inLanguage":"en-GB"},{"@type":"Organization","@id":"https:\/\/www.montscharvin-courchevel.com\/#organization","name":"H\u00f4tel Monts Charvin Courchevel","url":"https:\/\/www.montscharvin-courchevel.com\/","logo":{"@type":"ImageObject","inLanguage":"en-GB","@id":"https:\/\/www.montscharvin-courchevel.com\/#\/schema\/logo\/image\/","url":"https:\/\/www.montscharvin-courchevel.com\/wp-content\/uploads\/2025\/09\/logo-les-monts-charvins-boutique-hotel-courchevel.png","contentUrl":"https:\/\/www.montscharvin-courchevel.com\/wp-content\/uploads\/2025\/09\/logo-les-monts-charvins-boutique-hotel-courchevel.png","width":167,"height":80,"caption":"H\u00f4tel Monts Charvin Courchevel"},"image":{"@id":"https:\/\/www.montscharvin-courchevel.com\/#\/schema\/logo\/image\/"}}]}},"_links":{"self":[{"href":"https:\/\/www.montscharvin-courchevel.com\/en\/wp-json\/wp\/v2\/pages\/310","targetHints":{"allow":["GET"]}}],"collection":[{"href":"https:\/\/www.montscharvin-courchevel.com\/en\/wp-json\/wp\/v2\/pages"}],"about":[{"href":"https:\/\/www.montscharvin-courchevel.com\/en\/wp-json\/wp\/v2\/types\/page"}],"author":[{"embeddable":true,"href":"https:\/\/www.montscharvin-courchevel.com\/en\/wp-json\/wp\/v2\/users\/1"}],"replies":[{"embeddable":true,"href":"https:\/\/www.montscharvin-courchevel.com\/en\/wp-json\/wp\/v2\/comments?post=310"}],"version-history":[{"count":40,"href":"https:\/\/www.montscharvin-courchevel.com\/en\/wp-json\/wp\/v2\/pages\/310\/revisions"}],"predecessor-version":[{"id":1038,"href":"https:\/\/www.montscharvin-courchevel.com\/en\/wp-json\/wp\/v2\/pages\/310\/revisions\/1038"}],"wp:attachment":[{"href":"https:\/\/www.montscharvin-courchevel.com\/en\/wp-json\/wp\/v2\/media?parent=310"}],"curies":[{"name":"wp","href":"https:\/\/api.w.org\/{rel}","templated":true}]}}